{"id":2,"date":"2021-05-25T14:06:33","date_gmt":"2021-05-25T13:06:33","guid":{"rendered":"https:\/\/simons-watersports.com\/?page_id=2"},"modified":"2021-06-25T09:48:53","modified_gmt":"2021-06-25T08:48:53","slug":"sample-page","status":"publish","type":"page","link":"https:\/\/www.simons-watersports.com\/fr\/","title":{"rendered":"Home"},"content":{"rendered":"\n<p>se trouve sur le c\u00f4t\u00e9 est de l\u2019\u00eele, sur la longue baie de Lardos et devant l\u2019h\u00f4tel LINDOS PRINCESS, l\u2019un des \u00e9tablissements les plus modernes et les mieux organis\u00e9s de l\u2019\u00eele.<\/p>\n\n\n\n<p>Dans notre centre nautique, tout le monde peut s\u2019adonner \u00e0 presque toutes les activit\u00e9s nautiques propos\u00e9es. Les d\u00e9butants ont la possibilit\u00e9 de suivre des cours d\u2019initiation dans diverses disciplines telles que le windsurf, le catamaran, le ski nautique et le wakeboard et d\u2019obtenir des certificats internationaux. Nos moniteurs qualifi\u00e9s et exp\u00e9riment\u00e9s parlent plusieurs langues et sont toujours pr\u00eats \u00e0 vous donner de judicieux conseils pour am\u00e9liorer vos comp\u00e9tences.<\/p>\n\n\n\n<p>Nous vous souhaitons la bienvenue sur notre site et esp\u00e9rons vous voir tr\u00e8s prochainement dans notre Centre nautique!<\/p>\n","protected":false},"excerpt":{"rendered":"<p>se trouve sur le c\u00f4t\u00e9 est de l\u2019\u00eele, sur la longue baie de Lardos et devant l\u2019h\u00f4tel LINDOS PRINCESS, l\u2019un des \u00e9tablissements les plus modernes et les mieux organis\u00e9s de l\u2019\u00eele. Dans notre centre nautique, tout le monde peut s\u2019adonner \u00e0 presque toutes les activit\u00e9s nautiques propos\u00e9es. Les d\u00e9butants ont la possibilit\u00e9 de suivre des [&hellip;]<\/p>\n","protected":false},"author":1,"featured_media":0,"parent":0,"menu_order":0,"comment_status":"closed","ping_status":"closed","template":"","meta":{"footnotes":""},"class_list":["post-2","page","type-page","status-publish","hentry"],"yoast_head":"<!-- This site is optimized with the Yoast SEO plugin v25.2 - https:\/\/yoast.com\/wordpress\/plugins\/seo\/ -->\n<title>Home - Simons Watersports - French<\/title>\n<meta name=\"robots\" content=\"index, follow, max-snippet:-1, max-image-preview:large, max-video-preview:-1\" \/>\n<link rel=\"canonical\" href=\"https:\/\/www.simons-watersports.com\/fr\/\" \/>\n<meta property=\"og:locale\" content=\"en_GB\" \/>\n<meta property=\"og:type\" content=\"article\" \/>\n<meta property=\"og:title\" content=\"Home - Simons Watersports - French\" \/>\n<meta property=\"og:description\" content=\"se trouve sur le c\u00f4t\u00e9 est de l\u2019\u00eele, sur la longue baie de Lardos et devant l\u2019h\u00f4tel LINDOS PRINCESS, l\u2019un des \u00e9tablissements les plus modernes et les mieux organis\u00e9s de l\u2019\u00eele. Dans notre centre nautique, tout le monde peut s\u2019adonner \u00e0 presque toutes les activit\u00e9s nautiques propos\u00e9es. Les d\u00e9butants ont la possibilit\u00e9 de suivre des [&hellip;]\" \/>\n<meta property=\"og:url\" content=\"https:\/\/www.simons-watersports.com\/fr\/\" \/>\n<meta property=\"og:site_name\" content=\"Simons Watersports - French\" \/>\n<meta property=\"article:modified_time\" content=\"2021-06-25T08:48:53+00:00\" \/>\n<meta name=\"twitter:card\" content=\"summary_large_image\" \/>\n<meta name=\"twitter:label1\" content=\"Estimated reading time\" \/>\n\t<meta name=\"twitter:data1\" content=\"1 minute\" \/>\n<script type=\"application\/ld+json\" class=\"yoast-schema-graph\">{\"@context\":\"https:\/\/schema.org\",\"@graph\":[{\"@type\":\"WebPage\",\"@id\":\"https:\/\/www.simons-watersports.com\/fr\/\",\"url\":\"https:\/\/www.simons-watersports.com\/fr\/\",\"name\":\"Home - Simons Watersports - French\",\"isPartOf\":{\"@id\":\"https:\/\/www.simons-watersports.com\/fr\/#website\"},\"datePublished\":\"2021-05-25T13:06:33+00:00\",\"dateModified\":\"2021-06-25T08:48:53+00:00\",\"breadcrumb\":{\"@id\":\"https:\/\/www.simons-watersports.com\/fr\/#breadcrumb\"},\"inLanguage\":\"en-GB\",\"potentialAction\":[{\"@type\":\"ReadAction\",\"target\":[\"https:\/\/www.simons-watersports.com\/fr\/\"]}]},{\"@type\":\"BreadcrumbList\",\"@id\":\"https:\/\/www.simons-watersports.com\/fr\/#breadcrumb\",\"itemListElement\":[{\"@type\":\"ListItem\",\"position\":1,\"name\":\"Home\",\"item\":\"https:\/\/www.simons-watersports.com\/fr\/\"},{\"@type\":\"ListItem\",\"position\":2,\"name\":\"Home\"}]},{\"@type\":\"WebSite\",\"@id\":\"https:\/\/www.simons-watersports.com\/fr\/#website\",\"url\":\"https:\/\/www.simons-watersports.com\/fr\/\",\"name\":\"Simons Watersports - French\",\"description\":\"Simons Watersports Lindos Rhodes\",\"potentialAction\":[{\"@type\":\"SearchAction\",\"target\":{\"@type\":\"EntryPoint\",\"urlTemplate\":\"https:\/\/www.simons-watersports.com\/fr\/?s={search_term_string}\"},\"query-input\":{\"@type\":\"PropertyValueSpecification\",\"valueRequired\":true,\"valueName\":\"search_term_string\"}}],\"inLanguage\":\"en-GB\"}]}<\/script>\n<!-- \/ Yoast SEO plugin. -->","yoast_head_json":{"title":"Home - Simons Watersports - French","robots":{"index":"index","follow":"follow","max-snippet":"max-snippet:-1","max-image-preview":"max-image-preview:large","max-video-preview":"max-video-preview:-1"},"canonical":"https:\/\/www.simons-watersports.com\/fr\/","og_locale":"en_GB","og_type":"article","og_title":"Home - Simons Watersports - French","og_description":"se trouve sur le c\u00f4t\u00e9 est de l\u2019\u00eele, sur la longue baie de Lardos et devant l\u2019h\u00f4tel LINDOS PRINCESS, l\u2019un des \u00e9tablissements les plus modernes et les mieux organis\u00e9s de l\u2019\u00eele. Dans notre centre nautique, tout le monde peut s\u2019adonner \u00e0 presque toutes les activit\u00e9s nautiques propos\u00e9es. Les d\u00e9butants ont la possibilit\u00e9 de suivre des [&hellip;]","og_url":"https:\/\/www.simons-watersports.com\/fr\/","og_site_name":"Simons Watersports - French","article_modified_time":"2021-06-25T08:48:53+00:00","twitter_card":"summary_large_image","twitter_misc":{"Estimated reading time":"1 minute"},"schema":{"@context":"https:\/\/schema.org","@graph":[{"@type":"WebPage","@id":"https:\/\/www.simons-watersports.com\/fr\/","url":"https:\/\/www.simons-watersports.com\/fr\/","name":"Home - Simons Watersports - French","isPartOf":{"@id":"https:\/\/www.simons-watersports.com\/fr\/#website"},"datePublished":"2021-05-25T13:06:33+00:00","dateModified":"2021-06-25T08:48:53+00:00","breadcrumb":{"@id":"https:\/\/www.simons-watersports.com\/fr\/#breadcrumb"},"inLanguage":"en-GB","potentialAction":[{"@type":"ReadAction","target":["https:\/\/www.simons-watersports.com\/fr\/"]}]},{"@type":"BreadcrumbList","@id":"https:\/\/www.simons-watersports.com\/fr\/#breadcrumb","itemListElement":[{"@type":"ListItem","position":1,"name":"Home","item":"https:\/\/www.simons-watersports.com\/fr\/"},{"@type":"ListItem","position":2,"name":"Home"}]},{"@type":"WebSite","@id":"https:\/\/www.simons-watersports.com\/fr\/#website","url":"https:\/\/www.simons-watersports.com\/fr\/","name":"Simons Watersports - French","description":"Simons Watersports Lindos Rhodes","potentialAction":[{"@type":"SearchAction","target":{"@type":"EntryPoint","urlTemplate":"https:\/\/www.simons-watersports.com\/fr\/?s={search_term_string}"},"query-input":{"@type":"PropertyValueSpecification","valueRequired":true,"valueName":"search_term_string"}}],"inLanguage":"en-GB"}]}},"_links":{"self":[{"href":"https:\/\/www.simons-watersports.com\/fr\/wp-json\/wp\/v2\/pages\/2","targetHints":{"allow":["GET"]}}],"collection":[{"href":"https:\/\/www.simons-watersports.com\/fr\/wp-json\/wp\/v2\/pages"}],"about":[{"href":"https:\/\/www.simons-watersports.com\/fr\/wp-json\/wp\/v2\/types\/page"}],"author":[{"embeddable":true,"href":"https:\/\/www.simons-watersports.com\/fr\/wp-json\/wp\/v2\/users\/1"}],"replies":[{"embeddable":true,"href":"https:\/\/www.simons-watersports.com\/fr\/wp-json\/wp\/v2\/comments?post=2"}],"version-history":[{"count":8,"href":"https:\/\/www.simons-watersports.com\/fr\/wp-json\/wp\/v2\/pages\/2\/revisions"}],"predecessor-version":[{"id":238,"href":"https:\/\/www.simons-watersports.com\/fr\/wp-json\/wp\/v2\/pages\/2\/revisions\/238"}],"wp:attachment":[{"href":"https:\/\/www.simons-watersports.com\/fr\/wp-json\/wp\/v2\/media?parent=2"}],"curies":[{"name":"wp","href":"https:\/\/api.w.org\/{rel}","templated":true}]}}