{"id":60,"date":"2021-06-04T20:16:17","date_gmt":"2021-06-04T19:16:17","guid":{"rendered":"https:\/\/www.simons-watersports.com\/de\/?page_id=60"},"modified":"2021-06-26T14:36:14","modified_gmt":"2021-06-26T13:36:14","slug":"weather-in-rodos","status":"publish","type":"page","link":"https:\/\/www.simons-watersports.com\/de\/weather-in-rodos\/","title":{"rendered":"Wetter in Rodos"},"content":{"rendered":"\n<h2 class=\"has-text-align-center wp-block-heading\">Wetter in Rodos<\/h2>\n\n\n\n<p class=\"has-text-align-center\">Rhodos hat eines der sonnigsten Klimazonen Griechenlands und ist mit \u00fcber 300 Sonnentagen als Sonneninsel bekannt. Von Juni bis September gibt es eine Abfolge von wolkenlosen Tagen<\/p>\n\n\n<div style=\"display: block; height: 20px;\"><\/div>\n\n\n\n<a class=\"weatherwidget-io\" href=\"https:\/\/forecast7.com\/en\/36d0928d09\/lindos\/\" data-label_1=\"LINDOS\" data-label_2=\"WEATHER\" data-theme=\"original\">LINDOS WEATHER<\/a>\n<script>\n!function(d,s,id){var js,fjs=d.getElementsByTagName(s)[0];if(!d.getElementById(id)){js=d.createElement(s);js.id=id;js.src='https:\/\/weatherwidget.io\/js\/widget.min.js';fjs.parentNode.insertBefore(js,fjs);}}(document,'script','weatherwidget-io-js');\n<\/script>\n\n\n<div style=\"display: block; height: 34px;\"><\/div>\n\n\n\n<p class=\"has-text-align-center\">Die Temperaturen liegen regelm\u00e4\u00dfig in den 30\u2032s, wobei der Meltemi-Wind die Temperatur je nachdem, wo Sie sich auf der Insel befinden, m\u00e4\u00dfigt. Der Wind ist am meisten an der Westk\u00fcste der Insel zu sp\u00fcren, w\u00e4hrend die Ostk\u00fcste gesch\u00fctzter ist. <\/p>\n\n\n\n<p class=\"has-text-align-center\">Dieses Sonnenmuster h\u00e4lt bis Anfang Oktober oder manchmal auch sp\u00e4ter an, wenn die Temperatur zwar niedriger ist, aber dennoch warm und fein bleibt. Regenschauer sind m\u00f6glich, wenn sich das Jahr dem Winter n\u00e4hert. Der Winter ist eine Mischung aus Regen und Sonnenscheinperioden, wobei der Januar der feuchteste Monat ist.<\/p>\n","protected":false},"excerpt":{"rendered":"<p>Wetter in Rodos Rhodos hat eines der sonnigsten Klimazonen Griechenlands und ist mit \u00fcber 300 Sonnentagen als Sonneninsel bekannt. Von Juni bis September gibt es eine Abfolge von wolkenlosen Tagen LINDOS WEATHER Die Temperaturen liegen regelm\u00e4\u00dfig in den 30\u2032s, wobei der Meltemi-Wind die Temperatur je nachdem, wo Sie sich auf der Insel befinden, m\u00e4\u00dfigt. Der [&hellip;]<\/p>\n","protected":false},"author":1,"featured_media":218,"parent":0,"menu_order":0,"comment_status":"closed","ping_status":"closed","template":"","meta":{"footnotes":""},"class_list":["post-60","page","type-page","status-publish","has-post-thumbnail","hentry"],"yoast_head":"<!-- This site is optimized with the Yoast SEO plugin v25.2 - https:\/\/yoast.com\/wordpress\/plugins\/seo\/ -->\n<title>Wetter in Rodos - Simons Watersports - Deutsch<\/title>\n<meta name=\"robots\" content=\"index, follow, max-snippet:-1, max-image-preview:large, max-video-preview:-1\" \/>\n<link rel=\"canonical\" href=\"https:\/\/www.simons-watersports.com\/de\/weather-in-rodos\/\" \/>\n<meta property=\"og:locale\" content=\"en_GB\" \/>\n<meta property=\"og:type\" content=\"article\" \/>\n<meta property=\"og:title\" content=\"Wetter in Rodos - Simons Watersports - Deutsch\" \/>\n<meta property=\"og:description\" content=\"Wetter in Rodos Rhodos hat eines der sonnigsten Klimazonen Griechenlands und ist mit \u00fcber 300 Sonnentagen als Sonneninsel bekannt. Von Juni bis September gibt es eine Abfolge von wolkenlosen Tagen LINDOS WEATHER Die Temperaturen liegen regelm\u00e4\u00dfig in den 30\u2032s, wobei der Meltemi-Wind die Temperatur je nachdem, wo Sie sich auf der Insel befinden, m\u00e4\u00dfigt. Der [&hellip;]\" \/>\n<meta property=\"og:url\" content=\"https:\/\/www.simons-watersports.com\/de\/weather-in-rodos\/\" \/>\n<meta property=\"og:site_name\" content=\"Simons Watersports - Deutsch\" \/>\n<meta property=\"article:modified_time\" content=\"2021-06-26T13:36:14+00:00\" \/>\n<meta property=\"og:image\" content=\"https:\/\/www.simons-watersports.com\/de\/wp-content\/uploads\/sites\/6\/2021\/06\/sunset.jpg\" \/>\n\t<meta property=\"og:image:width\" content=\"1782\" \/>\n\t<meta property=\"og:image:height\" content=\"1188\" \/>\n\t<meta property=\"og:image:type\" content=\"image\/jpeg\" \/>\n<meta name=\"twitter:card\" content=\"summary_large_image\" \/>\n<meta name=\"twitter:label1\" content=\"Estimated reading time\" \/>\n\t<meta name=\"twitter:data1\" content=\"1 minute\" \/>\n<script type=\"application\/ld+json\" class=\"yoast-schema-graph\">{\"@context\":\"https:\/\/schema.org\",\"@graph\":[{\"@type\":\"WebPage\",\"@id\":\"https:\/\/www.simons-watersports.com\/de\/weather-in-rodos\/\",\"url\":\"https:\/\/www.simons-watersports.com\/de\/weather-in-rodos\/\",\"name\":\"Wetter in Rodos - Simons Watersports - Deutsch\",\"isPartOf\":{\"@id\":\"https:\/\/www.simons-watersports.com\/de\/#website\"},\"primaryImageOfPage\":{\"@id\":\"https:\/\/www.simons-watersports.com\/de\/weather-in-rodos\/#primaryimage\"},\"image\":{\"@id\":\"https:\/\/www.simons-watersports.com\/de\/weather-in-rodos\/#primaryimage\"},\"thumbnailUrl\":\"https:\/\/www.simons-watersports.com\/de\/wp-content\/uploads\/sites\/6\/2021\/06\/sunset.jpg\",\"datePublished\":\"2021-06-04T19:16:17+00:00\",\"dateModified\":\"2021-06-26T13:36:14+00:00\",\"breadcrumb\":{\"@id\":\"https:\/\/www.simons-watersports.com\/de\/weather-in-rodos\/#breadcrumb\"},\"inLanguage\":\"en-GB\",\"potentialAction\":[{\"@type\":\"ReadAction\",\"target\":[\"https:\/\/www.simons-watersports.com\/de\/weather-in-rodos\/\"]}]},{\"@type\":\"ImageObject\",\"inLanguage\":\"en-GB\",\"@id\":\"https:\/\/www.simons-watersports.com\/de\/weather-in-rodos\/#primaryimage\",\"url\":\"https:\/\/www.simons-watersports.com\/de\/wp-content\/uploads\/sites\/6\/2021\/06\/sunset.jpg\",\"contentUrl\":\"https:\/\/www.simons-watersports.com\/de\/wp-content\/uploads\/sites\/6\/2021\/06\/sunset.jpg\",\"width\":1782,\"height\":1188},{\"@type\":\"BreadcrumbList\",\"@id\":\"https:\/\/www.simons-watersports.com\/de\/weather-in-rodos\/#breadcrumb\",\"itemListElement\":[{\"@type\":\"ListItem\",\"position\":1,\"name\":\"Home\",\"item\":\"https:\/\/www.simons-watersports.com\/de\/\"},{\"@type\":\"ListItem\",\"position\":2,\"name\":\"Wetter in Rodos\"}]},{\"@type\":\"WebSite\",\"@id\":\"https:\/\/www.simons-watersports.com\/de\/#website\",\"url\":\"https:\/\/www.simons-watersports.com\/de\/\",\"name\":\"Simons Watersports - Deutsch\",\"description\":\"Simons Watersports Lindos Rhodes\",\"potentialAction\":[{\"@type\":\"SearchAction\",\"target\":{\"@type\":\"EntryPoint\",\"urlTemplate\":\"https:\/\/www.simons-watersports.com\/de\/?s={search_term_string}\"},\"query-input\":{\"@type\":\"PropertyValueSpecification\",\"valueRequired\":true,\"valueName\":\"search_term_string\"}}],\"inLanguage\":\"en-GB\"}]}<\/script>\n<!-- \/ Yoast SEO plugin. -->","yoast_head_json":{"title":"Wetter in Rodos - Simons Watersports - Deutsch","robots":{"index":"index","follow":"follow","max-snippet":"max-snippet:-1","max-image-preview":"max-image-preview:large","max-video-preview":"max-video-preview:-1"},"canonical":"https:\/\/www.simons-watersports.com\/de\/weather-in-rodos\/","og_locale":"en_GB","og_type":"article","og_title":"Wetter in Rodos - Simons Watersports - Deutsch","og_description":"Wetter in Rodos Rhodos hat eines der sonnigsten Klimazonen Griechenlands und ist mit \u00fcber 300 Sonnentagen als Sonneninsel bekannt. Von Juni bis September gibt es eine Abfolge von wolkenlosen Tagen LINDOS WEATHER Die Temperaturen liegen regelm\u00e4\u00dfig in den 30\u2032s, wobei der Meltemi-Wind die Temperatur je nachdem, wo Sie sich auf der Insel befinden, m\u00e4\u00dfigt. Der [&hellip;]","og_url":"https:\/\/www.simons-watersports.com\/de\/weather-in-rodos\/","og_site_name":"Simons Watersports - Deutsch","article_modified_time":"2021-06-26T13:36:14+00:00","og_image":[{"width":1782,"height":1188,"url":"https:\/\/www.simons-watersports.com\/de\/wp-content\/uploads\/sites\/6\/2021\/06\/sunset.jpg","type":"image\/jpeg"}],"twitter_card":"summary_large_image","twitter_misc":{"Estimated reading time":"1 minute"},"schema":{"@context":"https:\/\/schema.org","@graph":[{"@type":"WebPage","@id":"https:\/\/www.simons-watersports.com\/de\/weather-in-rodos\/","url":"https:\/\/www.simons-watersports.com\/de\/weather-in-rodos\/","name":"Wetter in Rodos - Simons Watersports - Deutsch","isPartOf":{"@id":"https:\/\/www.simons-watersports.com\/de\/#website"},"primaryImageOfPage":{"@id":"https:\/\/www.simons-watersports.com\/de\/weather-in-rodos\/#primaryimage"},"image":{"@id":"https:\/\/www.simons-watersports.com\/de\/weather-in-rodos\/#primaryimage"},"thumbnailUrl":"https:\/\/www.simons-watersports.com\/de\/wp-content\/uploads\/sites\/6\/2021\/06\/sunset.jpg","datePublished":"2021-06-04T19:16:17+00:00","dateModified":"2021-06-26T13:36:14+00:00","breadcrumb":{"@id":"https:\/\/www.simons-watersports.com\/de\/weather-in-rodos\/#breadcrumb"},"inLanguage":"en-GB","potentialAction":[{"@type":"ReadAction","target":["https:\/\/www.simons-watersports.com\/de\/weather-in-rodos\/"]}]},{"@type":"ImageObject","inLanguage":"en-GB","@id":"https:\/\/www.simons-watersports.com\/de\/weather-in-rodos\/#primaryimage","url":"https:\/\/www.simons-watersports.com\/de\/wp-content\/uploads\/sites\/6\/2021\/06\/sunset.jpg","contentUrl":"https:\/\/www.simons-watersports.com\/de\/wp-content\/uploads\/sites\/6\/2021\/06\/sunset.jpg","width":1782,"height":1188},{"@type":"BreadcrumbList","@id":"https:\/\/www.simons-watersports.com\/de\/weather-in-rodos\/#breadcrumb","itemListElement":[{"@type":"ListItem","position":1,"name":"Home","item":"https:\/\/www.simons-watersports.com\/de\/"},{"@type":"ListItem","position":2,"name":"Wetter in Rodos"}]},{"@type":"WebSite","@id":"https:\/\/www.simons-watersports.com\/de\/#website","url":"https:\/\/www.simons-watersports.com\/de\/","name":"Simons Watersports - Deutsch","description":"Simons Watersports Lindos Rhodes","potentialAction":[{"@type":"SearchAction","target":{"@type":"EntryPoint","urlTemplate":"https:\/\/www.simons-watersports.com\/de\/?s={search_term_string}"},"query-input":{"@type":"PropertyValueSpecification","valueRequired":true,"valueName":"search_term_string"}}],"inLanguage":"en-GB"}]}},"_links":{"self":[{"href":"https:\/\/www.simons-watersports.com\/de\/wp-json\/wp\/v2\/pages\/60","targetHints":{"allow":["GET"]}}],"collection":[{"href":"https:\/\/www.simons-watersports.com\/de\/wp-json\/wp\/v2\/pages"}],"about":[{"href":"https:\/\/www.simons-watersports.com\/de\/wp-json\/wp\/v2\/types\/page"}],"author":[{"embeddable":true,"href":"https:\/\/www.simons-watersports.com\/de\/wp-json\/wp\/v2\/users\/1"}],"replies":[{"embeddable":true,"href":"https:\/\/www.simons-watersports.com\/de\/wp-json\/wp\/v2\/comments?post=60"}],"version-history":[{"count":11,"href":"https:\/\/www.simons-watersports.com\/de\/wp-json\/wp\/v2\/pages\/60\/revisions"}],"predecessor-version":[{"id":250,"href":"https:\/\/www.simons-watersports.com\/de\/wp-json\/wp\/v2\/pages\/60\/revisions\/250"}],"wp:featuredmedia":[{"embeddable":true,"href":"https:\/\/www.simons-watersports.com\/de\/wp-json\/wp\/v2\/media\/218"}],"wp:attachment":[{"href":"https:\/\/www.simons-watersports.com\/de\/wp-json\/wp\/v2\/media?parent=60"}],"curies":[{"name":"wp","href":"https:\/\/api.w.org\/{rel}","templated":true}]}}