{"id":2,"date":"2021-05-25T14:06:33","date_gmt":"2021-05-25T13:06:33","guid":{"rendered":"https:\/\/simons-watersports.com\/?page_id=2"},"modified":"2021-06-26T19:02:43","modified_gmt":"2021-06-26T18:02:43","slug":"sample-page","status":"publish","type":"page","link":"https:\/\/www.simons-watersports.com\/de\/","title":{"rendered":"Home"},"content":{"rendered":"\n<p>Befindet sich an der Ostk\u00fcste der Insel, in der langgezogenen Bucht von Lardos vor dem Hotelkomplex LINDOS PRINCESS, eine der modernsten und am besten organisierten Hotelanlagen auf Rhodos.<\/p>\n\n\n\n<p>Der thermische \u00c4g\u00e4isswind, der sog. Meltemi, der w\u00e4hrend der Sommermonate fast jeden Tag in der Bucht von Lardos pr\u00e4sent ist, sorgt vor unserer Station f\u00fcr flaches Wasser und somit f\u00fcr erstklassige Wassersportbedingungen.<br>In unserem Wassersportzentrum k\u00f6nnen Sie fast alle Wassersportaktivit\u00e4ten aus\u00fcben. Au\u00dferdem bieten wir f\u00fcr Wassersportanf\u00e4nger die M\u00f6glichkeit, verschiedene Kurse zu besuchen und Sportarten wie z. B. Windsurfen, Katamaransegeln und Wasserski-Wakeboard zu erlernen und dabei gleichzeitig international anerkannte Grundscheine zu erwerben.<\/p>\n\n\n\n<p>Wir hei\u00dfen Sie also auf unserer Website willkommen und hoffen, Sie in unserem Wassersportzentrum bald pers\u00f6nlich begr\u00fc\u00dfen zu d\u00fcrfen.<\/p>\n","protected":false},"excerpt":{"rendered":"<p>Befindet sich an der Ostk\u00fcste der Insel, in der langgezogenen Bucht von Lardos vor dem Hotelkomplex LINDOS PRINCESS, eine der modernsten und am besten organisierten Hotelanlagen auf Rhodos. Der thermische \u00c4g\u00e4isswind, der sog. Meltemi, der w\u00e4hrend der Sommermonate fast jeden Tag in der Bucht von Lardos pr\u00e4sent ist, sorgt vor unserer Station f\u00fcr flaches Wasser [&hellip;]<\/p>\n","protected":false},"author":1,"featured_media":0,"parent":0,"menu_order":0,"comment_status":"closed","ping_status":"closed","template":"","meta":{"footnotes":""},"class_list":["post-2","page","type-page","status-publish","hentry"],"yoast_head":"<!-- This site is optimized with the Yoast SEO plugin v25.2 - https:\/\/yoast.com\/wordpress\/plugins\/seo\/ -->\n<title>Home - Simons Watersports - Deutsch<\/title>\n<meta name=\"robots\" content=\"index, follow, max-snippet:-1, max-image-preview:large, max-video-preview:-1\" \/>\n<link rel=\"canonical\" href=\"https:\/\/www.simons-watersports.com\/de\/\" \/>\n<meta property=\"og:locale\" content=\"en_GB\" \/>\n<meta property=\"og:type\" content=\"article\" \/>\n<meta property=\"og:title\" content=\"Home - Simons Watersports - Deutsch\" \/>\n<meta property=\"og:description\" content=\"Befindet sich an der Ostk\u00fcste der Insel, in der langgezogenen Bucht von Lardos vor dem Hotelkomplex LINDOS PRINCESS, eine der modernsten und am besten organisierten Hotelanlagen auf Rhodos. Der thermische \u00c4g\u00e4isswind, der sog. Meltemi, der w\u00e4hrend der Sommermonate fast jeden Tag in der Bucht von Lardos pr\u00e4sent ist, sorgt vor unserer Station f\u00fcr flaches Wasser [&hellip;]\" \/>\n<meta property=\"og:url\" content=\"https:\/\/www.simons-watersports.com\/de\/\" \/>\n<meta property=\"og:site_name\" content=\"Simons Watersports - Deutsch\" \/>\n<meta property=\"article:modified_time\" content=\"2021-06-26T18:02:43+00:00\" \/>\n<meta name=\"twitter:card\" content=\"summary_large_image\" \/>\n<meta name=\"twitter:label1\" content=\"Estimated reading time\" \/>\n\t<meta name=\"twitter:data1\" content=\"1 minute\" \/>\n<script type=\"application\/ld+json\" class=\"yoast-schema-graph\">{\"@context\":\"https:\/\/schema.org\",\"@graph\":[{\"@type\":\"WebPage\",\"@id\":\"https:\/\/www.simons-watersports.com\/de\/\",\"url\":\"https:\/\/www.simons-watersports.com\/de\/\",\"name\":\"Home - Simons Watersports - Deutsch\",\"isPartOf\":{\"@id\":\"https:\/\/www.simons-watersports.com\/de\/#website\"},\"datePublished\":\"2021-05-25T13:06:33+00:00\",\"dateModified\":\"2021-06-26T18:02:43+00:00\",\"breadcrumb\":{\"@id\":\"https:\/\/www.simons-watersports.com\/de\/#breadcrumb\"},\"inLanguage\":\"en-GB\",\"potentialAction\":[{\"@type\":\"ReadAction\",\"target\":[\"https:\/\/www.simons-watersports.com\/de\/\"]}]},{\"@type\":\"BreadcrumbList\",\"@id\":\"https:\/\/www.simons-watersports.com\/de\/#breadcrumb\",\"itemListElement\":[{\"@type\":\"ListItem\",\"position\":1,\"name\":\"Home\",\"item\":\"https:\/\/www.simons-watersports.com\/de\/\"},{\"@type\":\"ListItem\",\"position\":2,\"name\":\"Home\"}]},{\"@type\":\"WebSite\",\"@id\":\"https:\/\/www.simons-watersports.com\/de\/#website\",\"url\":\"https:\/\/www.simons-watersports.com\/de\/\",\"name\":\"Simons Watersports - Deutsch\",\"description\":\"Simons Watersports Lindos Rhodes\",\"potentialAction\":[{\"@type\":\"SearchAction\",\"target\":{\"@type\":\"EntryPoint\",\"urlTemplate\":\"https:\/\/www.simons-watersports.com\/de\/?s={search_term_string}\"},\"query-input\":{\"@type\":\"PropertyValueSpecification\",\"valueRequired\":true,\"valueName\":\"search_term_string\"}}],\"inLanguage\":\"en-GB\"}]}<\/script>\n<!-- \/ Yoast SEO plugin. -->","yoast_head_json":{"title":"Home - Simons Watersports - Deutsch","robots":{"index":"index","follow":"follow","max-snippet":"max-snippet:-1","max-image-preview":"max-image-preview:large","max-video-preview":"max-video-preview:-1"},"canonical":"https:\/\/www.simons-watersports.com\/de\/","og_locale":"en_GB","og_type":"article","og_title":"Home - Simons Watersports - Deutsch","og_description":"Befindet sich an der Ostk\u00fcste der Insel, in der langgezogenen Bucht von Lardos vor dem Hotelkomplex LINDOS PRINCESS, eine der modernsten und am besten organisierten Hotelanlagen auf Rhodos. Der thermische \u00c4g\u00e4isswind, der sog. Meltemi, der w\u00e4hrend der Sommermonate fast jeden Tag in der Bucht von Lardos pr\u00e4sent ist, sorgt vor unserer Station f\u00fcr flaches Wasser [&hellip;]","og_url":"https:\/\/www.simons-watersports.com\/de\/","og_site_name":"Simons Watersports - Deutsch","article_modified_time":"2021-06-26T18:02:43+00:00","twitter_card":"summary_large_image","twitter_misc":{"Estimated reading time":"1 minute"},"schema":{"@context":"https:\/\/schema.org","@graph":[{"@type":"WebPage","@id":"https:\/\/www.simons-watersports.com\/de\/","url":"https:\/\/www.simons-watersports.com\/de\/","name":"Home - Simons Watersports - Deutsch","isPartOf":{"@id":"https:\/\/www.simons-watersports.com\/de\/#website"},"datePublished":"2021-05-25T13:06:33+00:00","dateModified":"2021-06-26T18:02:43+00:00","breadcrumb":{"@id":"https:\/\/www.simons-watersports.com\/de\/#breadcrumb"},"inLanguage":"en-GB","potentialAction":[{"@type":"ReadAction","target":["https:\/\/www.simons-watersports.com\/de\/"]}]},{"@type":"BreadcrumbList","@id":"https:\/\/www.simons-watersports.com\/de\/#breadcrumb","itemListElement":[{"@type":"ListItem","position":1,"name":"Home","item":"https:\/\/www.simons-watersports.com\/de\/"},{"@type":"ListItem","position":2,"name":"Home"}]},{"@type":"WebSite","@id":"https:\/\/www.simons-watersports.com\/de\/#website","url":"https:\/\/www.simons-watersports.com\/de\/","name":"Simons Watersports - Deutsch","description":"Simons Watersports Lindos Rhodes","potentialAction":[{"@type":"SearchAction","target":{"@type":"EntryPoint","urlTemplate":"https:\/\/www.simons-watersports.com\/de\/?s={search_term_string}"},"query-input":{"@type":"PropertyValueSpecification","valueRequired":true,"valueName":"search_term_string"}}],"inLanguage":"en-GB"}]}},"_links":{"self":[{"href":"https:\/\/www.simons-watersports.com\/de\/wp-json\/wp\/v2\/pages\/2","targetHints":{"allow":["GET"]}}],"collection":[{"href":"https:\/\/www.simons-watersports.com\/de\/wp-json\/wp\/v2\/pages"}],"about":[{"href":"https:\/\/www.simons-watersports.com\/de\/wp-json\/wp\/v2\/types\/page"}],"author":[{"embeddable":true,"href":"https:\/\/www.simons-watersports.com\/de\/wp-json\/wp\/v2\/users\/1"}],"replies":[{"embeddable":true,"href":"https:\/\/www.simons-watersports.com\/de\/wp-json\/wp\/v2\/comments?post=2"}],"version-history":[{"count":7,"href":"https:\/\/www.simons-watersports.com\/de\/wp-json\/wp\/v2\/pages\/2\/revisions"}],"predecessor-version":[{"id":242,"href":"https:\/\/www.simons-watersports.com\/de\/wp-json\/wp\/v2\/pages\/2\/revisions\/242"}],"wp:attachment":[{"href":"https:\/\/www.simons-watersports.com\/de\/wp-json\/wp\/v2\/media?parent=2"}],"curies":[{"name":"wp","href":"https:\/\/api.w.org\/{rel}","templated":true}]}}